{"id":86,"date":"2025-01-05T16:49:15","date_gmt":"2025-01-05T15:49:15","guid":{"rendered":"https:\/\/enosiarchitecture.fr\/?page_id=86"},"modified":"2025-03-06T14:29:30","modified_gmt":"2025-03-06T13:29:30","slug":"accueil","status":"publish","type":"page","link":"https:\/\/enosiarchitecture.fr\/","title":{"rendered":"Accueil"},"content":{"rendered":"<p>[et_pb_section fb_built=&#8221;1&#8243; _builder_version=&#8221;4.27.4&#8243; _module_preset=&#8221;default&#8221; custom_padding=&#8221;0px||0px|||&#8221; hover_enabled=&#8221;0&#8243; global_colors_info=&#8221;{}&#8221; sticky_enabled=&#8221;0&#8243; background_enable_color=&#8221;off&#8221;][et_pb_row use_custom_gutter=&#8221;on&#8221; gutter_width=&#8221;1&#8243; make_equal=&#8221;on&#8221; _builder_version=&#8221;4.27.4&#8243; _module_preset=&#8221;default&#8221; width=&#8221;100%&#8221; max_width=&#8221;100%&#8221; max_height=&#8221;95vh&#8221; max_height_phone=&#8221;95vh&#8221; max_height_last_edited=&#8221;off|tablet&#8221; custom_padding=&#8221;0px||0px|||&#8221; hover_enabled=&#8221;0&#8243; global_colors_info=&#8221;{}&#8221; sticky_enabled=&#8221;0&#8243; background_enable_color=&#8221;off&#8221;][et_pb_column type=&#8221;4_4&#8243; _builder_version=&#8221;4.27.4&#8243; _module_preset=&#8221;default&#8221; global_colors_info=&#8221;{}&#8221;][et_pb_slider _builder_version=&#8221;4.27.4&#8243; _module_preset=&#8221;default&#8221; header_font_size=&#8221;30px&#8221; min_height=&#8221;100vh&#8221; min_height_tablet=&#8221;100vh&#8221; min_height_phone=&#8221;85vh&#8221; min_height_last_edited=&#8221;on|phone&#8221; hover_enabled=&#8221;0&#8243; custom_css_slide_description=&#8221;padding-bottom: 0% !important;||margin-bottom: -22%;&#8221; header_text_shadow_style=&#8221;preset1&#8243; text_shadow_style=&#8221;preset1&#8243; text_shadow_color=&#8221;rgba(0,0,0,0.72)&#8221; global_colors_info=&#8221;{}&#8221; sticky_enabled=&#8221;0&#8243;][et_pb_slide heading=&#8221;Aurons&#8221; _builder_version=&#8221;4.27.4&#8243; _module_preset=&#8221;default&#8221; background_enable_color=&#8221;off&#8221; background_image=&#8221;http:\/\/enosiarchitecture.fr\/wp-content\/uploads\/2025\/03\/Scene-36-Min-scaled.jpg&#8221; background_enable_image=&#8221;on&#8221; hover_enabled=&#8221;0&#8243; global_colors_info=&#8221;{}&#8221; sticky_transition=&#8221;on&#8221; sticky_enabled=&#8221;0&#8243; title_text=&#8221;Scene-36 Min&#8221;]<\/p>\n<p>Am\u00e9nagement int\u00e9rieur de deux chalets prestigieux dans les Alpes<\/p>\n<p>[\/et_pb_slide][et_pb_slide heading=&#8221;Allauch&#8221; _builder_version=&#8221;4.27.4&#8243; _module_preset=&#8221;default&#8221; background_enable_color=&#8221;off&#8221; use_background_color_gradient=&#8221;on&#8221; background_color_gradient_stops=&#8221;rgba(3,1,10,0.24) 0%|rgba(9,0,10,0.27) 100%&#8221; background_color_gradient_overlays_image=&#8221;on&#8221; background_image=&#8221;http:\/\/enosiarchitecture.fr\/wp-content\/uploads\/slider2\/Maison.jpeg&#8221; background_enable_image=&#8221;on&#8221; hover_transition_duration=&#8221;800ms&#8221; hover_transition_speed_curve=&#8221;linear&#8221; global_colors_info=&#8221;{}&#8221; sticky_transition=&#8221;on&#8221;]<\/p>\n<p>R\u00e9novation et extension d&#8217;une villa de Luxe sur les hauteurs de Allauch<\/p>\n<p>[\/et_pb_slide][et_pb_slide heading=&#8221;Paris&#8221; _builder_version=&#8221;4.27.4&#8243; _module_preset=&#8221;default&#8221; background_enable_color=&#8221;off&#8221; use_background_color_gradient=&#8221;on&#8221; background_color_gradient_stops=&#8221;rgba(3,1,10,0.24) 0%|rgba(9,0,10,0.27) 100%&#8221; background_color_gradient_overlays_image=&#8221;on&#8221; background_image=&#8221;http:\/\/enosiarchitecture.fr\/wp-content\/uploads\/2025\/02\/paris-2-1-scaled.jpg&#8221; background_enable_image=&#8221;on&#8221; global_colors_info=&#8221;{}&#8221; sticky_transition=&#8221;on&#8221;]<\/p>\n<p>R\u00e9novation d&#8217;un appartement \u00e0 Paris dans le 2e arrondissement<\/p>\n<p>[\/et_pb_slide][et_pb_slide heading=&#8221;Peypin&#8221; _builder_version=&#8221;4.27.4&#8243; _module_preset=&#8221;default&#8221; background_enable_color=&#8221;off&#8221; use_background_color_gradient=&#8221;on&#8221; background_color_gradient_stops=&#8221;rgba(3,1,10,0.24) 0%|rgba(9,0,10,0.27) 100%&#8221; background_color_gradient_overlays_image=&#8221;on&#8221; background_image=&#8221;http:\/\/enosiarchitecture.fr\/wp-content\/uploads\/2025\/02\/DJI_0001-scaled.jpg&#8221; background_enable_image=&#8221;on&#8221; global_colors_info=&#8221;{}&#8221; sticky_transition=&#8221;on&#8221;]<\/p>\n<p>R\u00e9novation compl\u00e8te d&#8217;une maison proven\u00e7ale<\/p>\n<p>[\/et_pb_slide][et_pb_slide heading=&#8221;Marseille&#8221; _builder_version=&#8221;4.27.4&#8243; _module_preset=&#8221;default&#8221; background_color=&#8221;#FFFFFF&#8221; background_enable_color=&#8221;on&#8221; background_image=&#8221;http:\/\/enosiarchitecture.fr\/wp-content\/uploads\/2025\/02\/Image_3.png&#8221; background_enable_image=&#8221;on&#8221; global_colors_info=&#8221;{}&#8221; sticky_transition=&#8221;on&#8221;]Etude pour la construction de logements et de locaux d&#8217;activit\u00e9s.[\/et_pb_slide][\/et_pb_slider][\/et_pb_column][\/et_pb_row][\/et_pb_section][et_pb_section fb_built=&#8221;1&#8243; _builder_version=&#8221;4.27.4&#8243; _module_preset=&#8221;default&#8221; min_height=&#8221;0px&#8221; height=&#8221;0px&#8221; max_height=&#8221;0px&#8221; custom_margin=&#8221;0px|0px|0px|0px|false|false&#8221; custom_padding=&#8221;0px|0px|0px|0px|false|false&#8221; global_colors_info=&#8221;{}&#8221;][et_pb_row column_structure=&#8221;1_2,1_2&#8243; module_class=&#8221;two-columns&#8221; _builder_version=&#8221;4.27.4&#8243; _module_preset=&#8221;default&#8221; positioning=&#8221;fixed&#8221; position_origin_a=&#8221;top_center&#8221; position_origin_f=&#8221;top_center&#8221; z_index=&#8221;500&#8243; width=&#8221;100%&#8221; max_width=&#8221;100%&#8221; min_height=&#8221;120px&#8221; height=&#8221;120px&#8221; max_height=&#8221;120px&#8221; custom_margin=&#8221;0px||0px||false|false&#8221; custom_padding=&#8221;0px||0px||false|false&#8221; hover_enabled=&#8221;0&#8243; global_colors_info=&#8221;{}&#8221; custom_css_main_element_last_edited=&#8221;off|tablet&#8221; custom_css_main_element_phone=&#8221;width: 50%;&#8221; sticky_enabled=&#8221;0&#8243;][et_pb_column type=&#8221;1_2&#8243; _builder_version=&#8221;4.27.4&#8243; _module_preset=&#8221;default&#8221; global_colors_info=&#8221;{}&#8221;][et_pb_text _builder_version=&#8221;4.27.4&#8243; _module_preset=&#8221;default&#8221; text_font=&#8221;||||||||&#8221; text_text_color=&#8221;#FFFFFF&#8221; text_font_size=&#8221;40px&#8221; text_letter_spacing=&#8221;1px&#8221; header_font=&#8221;||||||||&#8221; custom_margin=&#8221;5%|||10%|false|false&#8221; custom_margin_tablet=&#8221;5%|||10%|false|false&#8221; custom_margin_phone=&#8221;5%|||5%|false|false&#8221; custom_margin_last_edited=&#8221;on|phone&#8221; text_font_size_tablet=&#8221;28px&#8221; text_font_size_phone=&#8221;19px&#8221; text_font_size_last_edited=&#8221;on|phone&#8221; text_text_shadow_style=&#8221;preset2&#8243; text_text_shadow_color=&#8221;rgba(0,0,0,0.81)&#8221; global_colors_info=&#8221;{}&#8221;]<\/p>\n<p>ENOSI Architecture<\/p>\n<p>[\/et_pb_text][\/et_pb_column][et_pb_column type=&#8221;1_2&#8243; _builder_version=&#8221;4.27.4&#8243; _module_preset=&#8221;default&#8221; global_colors_info=&#8221;{}&#8221;][et_pb_menu active_link_color=&#8221;#FFFFFF&#8221; dropdown_menu_bg_color=&#8221;#FFFFFF&#8221; dropdown_menu_line_color=&#8221;#939393&#8243; dropdown_menu_text_color=&#8221;#939393&#8243; dropdown_menu_active_link_color=&#8221;#000000&#8243; mobile_menu_bg_color=&#8221;#ffffff&#8221; mobile_menu_text_color=&#8221;#000000&#8243; cart_icon_color=&#8221;#000000&#8243; search_icon_color=&#8221;#000000&#8243; menu_icon_color=&#8221;#545454&#8243; _builder_version=&#8221;4.27.4&#8243; _module_preset=&#8221;default&#8221; menu_font=&#8221;|600|||||||&#8221; menu_text_color=&#8221;#c6c6c6&#8243; menu_font_size=&#8221;20px&#8221; menu_letter_spacing=&#8221;1px&#8221; background_enable_color=&#8221;off&#8221; position_origin_f=&#8221;top_right&#8221; vertical_offset=&#8221;5%&#8221; horizontal_offset=&#8221;5%&#8221; text_orientation=&#8221;right&#8221; custom_margin=&#8221;5%|20%|||false|false&#8221; custom_margin_tablet=&#8221;0%|10%|||false|false&#8221; custom_margin_phone=&#8221;0%|5%|||false|false&#8221; custom_margin_last_edited=&#8221;on|tablet&#8221; custom_padding=&#8221;10px||0px||false|false&#8221; menu_text_shadow_style=&#8221;preset1&#8243; menu_text_shadow_color=&#8221;rgba(10,10,10,0.57)&#8221; global_colors_info=&#8221;{}&#8221;][\/et_pb_menu][\/et_pb_column][\/et_pb_row][\/et_pb_section]<\/p>\n","protected":false},"excerpt":{"rendered":"<p>Am\u00e9nagement int\u00e9rieur de deux chalets prestigieux dans les AlpesR\u00e9novation et extension d&#8217;une villa de Luxe sur les hauteurs de AllauchR\u00e9novation d&#8217;un appartement \u00e0 Paris dans le 2e arrondissementR\u00e9novation compl\u00e8te d&#8217;une maison proven\u00e7aleEtude pour la construction de logements et de locaux d&#8217;activit\u00e9s.ENOSI Architecture<\/p>\n","protected":false},"author":1,"featured_media":0,"parent":0,"menu_order":0,"comment_status":"closed","ping_status":"closed","template":"","meta":{"_et_pb_use_builder":"on","_et_pb_old_content":"","_et_gb_content_width":"","footnotes":""},"class_list":["post-86","page","type-page","status-publish","hentry"],"_links":{"self":[{"href":"https:\/\/enosiarchitecture.fr\/index.php\/wp-json\/wp\/v2\/pages\/86","targetHints":{"allow":["GET"]}}],"collection":[{"href":"https:\/\/enosiarchitecture.fr\/index.php\/wp-json\/wp\/v2\/pages"}],"about":[{"href":"https:\/\/enosiarchitecture.fr\/index.php\/wp-json\/wp\/v2\/types\/page"}],"author":[{"embeddable":true,"href":"https:\/\/enosiarchitecture.fr\/index.php\/wp-json\/wp\/v2\/users\/1"}],"replies":[{"embeddable":true,"href":"https:\/\/enosiarchitecture.fr\/index.php\/wp-json\/wp\/v2\/comments?post=86"}],"version-history":[{"count":58,"href":"https:\/\/enosiarchitecture.fr\/index.php\/wp-json\/wp\/v2\/pages\/86\/revisions"}],"predecessor-version":[{"id":403,"href":"https:\/\/enosiarchitecture.fr\/index.php\/wp-json\/wp\/v2\/pages\/86\/revisions\/403"}],"wp:attachment":[{"href":"https:\/\/enosiarchitecture.fr\/index.php\/wp-json\/wp\/v2\/media?parent=86"}],"curies":[{"name":"wp","href":"https:\/\/api.w.org\/{rel}","templated":true}]}}