{"id":241,"date":"2025-02-25T09:43:56","date_gmt":"2025-02-25T08:43:56","guid":{"rendered":"https:\/\/enosiarchitecture.fr\/?page_id=241"},"modified":"2025-10-13T15:33:55","modified_gmt":"2025-10-13T13:33:55","slug":"agence","status":"publish","type":"page","link":"https:\/\/enosiarchitecture.fr\/index.php\/agence\/","title":{"rendered":"Agence"},"content":{"rendered":"<p>[et_pb_section fb_built=&#8221;1&#8243; _builder_version=&#8221;4.27.4&#8243; _module_preset=&#8221;default&#8221; global_colors_info=&#8221;{}&#8221;][et_pb_row _builder_version=&#8221;4.27.4&#8243; _module_preset=&#8221;default&#8221; global_colors_info=&#8221;{}&#8221;][et_pb_column type=&#8221;4_4&#8243; _builder_version=&#8221;4.27.4&#8243; _module_preset=&#8221;default&#8221; global_colors_info=&#8221;{}&#8221;][et_pb_text _builder_version=&#8221;4.27.4&#8243; _module_preset=&#8221;default&#8221; text_font_size=&#8221;39px&#8221; text_orientation=&#8221;center&#8221; global_colors_info=&#8221;{}&#8221;]<\/p>\n<p>L&#8217;Agence<\/p>\n<p>[\/et_pb_text][et_pb_text _builder_version=&#8221;4.27.4&#8243; _module_preset=&#8221;default&#8221; text_orientation=&#8221;justified&#8221; global_colors_info=&#8221;{}&#8221;]<\/p>\n<p>Chez ENOSI Architecture, nous fa\u00e7onnons des espaces qui allient fonctionnalit\u00e9, esth\u00e9tique et innovation. \u00c0 la crois\u00e9e de l\u2019architecture et du design d\u2019espace, notre approche pluridisciplinaire nous permet de concevoir des lieux uniques, pens\u00e9s dans leur globalit\u00e9.<\/p>\n<p>Nous croyons en une architecture qui dialogue avec son environnement et en un design qui sublime l\u2019exp\u00e9rience de ceux qui l\u2019habitent. De la conception architecturale aux d\u00e9tails d\u2019am\u00e9nagement, chaque projet est une fusion harmonieuse entre cr\u00e9ativit\u00e9 et rigueur technique.<\/p>\n<p>Le dessin manuel et les outils num\u00e9riques forment un duo essentiel en architecture. Le croquis permet d\u2019explorer librement les id\u00e9es, tandis que la mod\u00e9lisation 3D et la simulation garantissent pr\u00e9cision et optimisation. Cette synergie entre tradition et technologie enrichit la cr\u00e9ativit\u00e9 tout en assurant une conception ma\u00eetris\u00e9e et innovante.<\/p>\n<p>[\/et_pb_text][\/et_pb_column][\/et_pb_row][et_pb_row column_structure=&#8221;1_2,1_2&#8243; _builder_version=&#8221;4.27.4&#8243; _module_preset=&#8221;default&#8221; global_colors_info=&#8221;{}&#8221;][et_pb_column type=&#8221;1_2&#8243; _builder_version=&#8221;4.27.4&#8243; _module_preset=&#8221;default&#8221; global_colors_info=&#8221;{}&#8221;][et_pb_text _builder_version=&#8221;4.27.4&#8243; _module_preset=&#8221;default&#8221; text_text_color=&#8221;#000000&#8243; text_font_size=&#8221;20px&#8221; text_orientation=&#8221;center&#8221; global_colors_info=&#8221;{}&#8221;]<\/p>\n<p>Thibault Brisset<\/p>\n<p>[\/et_pb_text][et_pb_image src=&#8221;http:\/\/enosiarchitecture.fr\/wp-content\/uploads\/2025\/02\/MG_1388.jpg&#8221; title_text=&#8221;_MG_1388&#8243; _builder_version=&#8221;4.27.4&#8243; _module_preset=&#8221;default&#8221; filter_saturate=&#8221;0%&#8221; global_colors_info=&#8221;{}&#8221;][\/et_pb_image][et_pb_text _builder_version=&#8221;4.27.4&#8243; _module_preset=&#8221;default&#8221; text_orientation=&#8221;justified&#8221; global_colors_info=&#8221;{}&#8221;]<\/p>\n<p>Architecte HMONP, passionn\u00e9 par l&#8217;architecture, les technologies. Il est essentiel pour lui de repousser les limites et la technique afin de proposer des solutions toujours plus innovantes.<\/p>\n<p>[\/et_pb_text][\/et_pb_column][et_pb_column type=&#8221;1_2&#8243; _builder_version=&#8221;4.27.4&#8243; _module_preset=&#8221;default&#8221; global_colors_info=&#8221;{}&#8221;][et_pb_text _builder_version=&#8221;4.27.4&#8243; _module_preset=&#8221;default&#8221; text_text_color=&#8221;#000000&#8243; text_font_size=&#8221;20px&#8221; text_orientation=&#8221;center&#8221; global_colors_info=&#8221;{}&#8221;]<\/p>\n<p>Yannick Agostini<\/p>\n<p>[\/et_pb_text][et_pb_image src=&#8221;http:\/\/enosiarchitecture.fr\/wp-content\/uploads\/2025\/02\/Yannick.png&#8221; title_text=&#8221;Yannick&#8221; _builder_version=&#8221;4.27.4&#8243; _module_preset=&#8221;default&#8221; filter_saturate=&#8221;0%&#8221; global_colors_info=&#8221;{}&#8221;][\/et_pb_image][et_pb_text _builder_version=&#8221;4.27.4&#8243; _module_preset=&#8221;default&#8221; text_orientation=&#8221;justified&#8221; global_colors_info=&#8221;{}&#8221;]<\/p>\n<p>Designer d&#8217;espace et collaborateur, il est passionn\u00e9 par le design, l&#8217;architecture et le chantier. Il est toujours \u00e0 l&#8217;\u00e9coute de ces interlocuteurs pour trouver les meilleurs id\u00e9es. <\/p>\n<p>[\/et_pb_text][\/et_pb_column][\/et_pb_row][et_pb_row _builder_version=&#8221;4.27.4&#8243; _module_preset=&#8221;default&#8221; global_colors_info=&#8221;{}&#8221;][et_pb_column type=&#8221;4_4&#8243; _builder_version=&#8221;4.27.4&#8243; _module_preset=&#8221;default&#8221; global_colors_info=&#8221;{}&#8221;][et_pb_text _builder_version=&#8221;4.27.4&#8243; _module_preset=&#8221;default&#8221; text_font_size=&#8221;11px&#8221; locked=&#8221;off&#8221; global_colors_info=&#8221;{}&#8221;]<\/p>\n<p style=\"text-align: center;\">Enosi Architecture &#8211; SAS d&#8217;architecture &#8211; 10 Rue Gabriel Baron 13126 Vauvenargues &#8211; Ordre des Architectes PACA: S24892 &#8211; Siren <span>924967383 &#8211; Capital Social 2000 euros<\/span><\/p>\n<p>[\/et_pb_text][\/et_pb_column][\/et_pb_row][\/et_pb_section]<\/p>\n","protected":false},"excerpt":{"rendered":"<p>L&#8217;AgenceChez ENOSI Architecture, nous fa\u00e7onnons des espaces qui allient fonctionnalit\u00e9, esth\u00e9tique et innovation. \u00c0 la crois\u00e9e de l\u2019architecture et du design d\u2019espace, notre approche pluridisciplinaire nous permet de concevoir des lieux uniques, pens\u00e9s dans leur globalit\u00e9. Nous croyons en une architecture qui dialogue avec son environnement et en un design qui sublime l\u2019exp\u00e9rience de ceux [&hellip;]<\/p>\n","protected":false},"author":1,"featured_media":0,"parent":0,"menu_order":0,"comment_status":"closed","ping_status":"closed","template":"","meta":{"_et_pb_use_builder":"on","_et_pb_old_content":"","_et_gb_content_width":"","footnotes":""},"class_list":["post-241","page","type-page","status-publish","hentry"],"_links":{"self":[{"href":"https:\/\/enosiarchitecture.fr\/index.php\/wp-json\/wp\/v2\/pages\/241","targetHints":{"allow":["GET"]}}],"collection":[{"href":"https:\/\/enosiarchitecture.fr\/index.php\/wp-json\/wp\/v2\/pages"}],"about":[{"href":"https:\/\/enosiarchitecture.fr\/index.php\/wp-json\/wp\/v2\/types\/page"}],"author":[{"embeddable":true,"href":"https:\/\/enosiarchitecture.fr\/index.php\/wp-json\/wp\/v2\/users\/1"}],"replies":[{"embeddable":true,"href":"https:\/\/enosiarchitecture.fr\/index.php\/wp-json\/wp\/v2\/comments?post=241"}],"version-history":[{"count":10,"href":"https:\/\/enosiarchitecture.fr\/index.php\/wp-json\/wp\/v2\/pages\/241\/revisions"}],"predecessor-version":[{"id":406,"href":"https:\/\/enosiarchitecture.fr\/index.php\/wp-json\/wp\/v2\/pages\/241\/revisions\/406"}],"wp:attachment":[{"href":"https:\/\/enosiarchitecture.fr\/index.php\/wp-json\/wp\/v2\/media?parent=241"}],"curies":[{"name":"wp","href":"https:\/\/api.w.org\/{rel}","templated":true}]}}